{"id":11,"date":"2026-03-20T10:28:00","date_gmt":"2026-03-20T10:28:00","guid":{"rendered":"https:\/\/federicocostacounselor.it\/?page_id=11"},"modified":"2026-03-31T15:16:44","modified_gmt":"2026-03-31T15:16:44","slug":"home","status":"publish","type":"page","link":"https:\/\/federicocostacounselor.it\/","title":{"rendered":"Home"},"content":{"rendered":"<h1>\n<p style=\"text-align: center;\">Federico<br \/>Costa<\/p>\n<\/h1>\n<div>\n<h2 style=\"text-align: center;\"><span>Counselor a Torino<\/span><\/h2>\n<\/div>\n<div>\n<h2>Ogni momento di difficolt\u00e0 pu\u00f2 diventare un passaggio di crescita.<\/h2>\n<div>\n<h3><em>Anche quando sembra che tutto si fermi o perda direzione, pu\u00f2 aprirsi uno spazio nuovo di comprensione e trasformazione.<\/em><\/h3>\n<\/div>\n<\/div>\n<p><p>\n        <a href=\"mailto:federico@federicocostacounselor.it\">Prenota un appuntamento<\/a>\n    <\/p>\n<\/p>\n<div>\n<p>        <img decoding=\"async\" src=\"\/wp-content\/uploads\/2026\/03\/COUNSELING.jpg\" alt=\"\"><\/p>\n<div>Counseling individuale<\/div>\n<p><a href=\"\/?page_id=98\">Vai alla pagina<\/a><\/p>\n<\/div>\n<div>\n<p>        <img decoding=\"async\" src=\"\/wp-content\/uploads\/2026\/03\/AUTOGENO.jpg\" alt=\"\"><\/p>\n<div>Training Autogeno<\/div>\n<p><a href=\"\/?page_id=198\">Vai alla pagina<\/a><\/p>\n<\/div>\n<div>\n<p>        <img decoding=\"async\" src=\"\/wp-content\/uploads\/2026\/03\/APPROFONDIMENTI.jpg\" alt=\"\"><\/p>\n<div>Articoli<\/div>\n<p><a href=\"\/?page_id=256\">Vai agli approfondimenti<\/a><\/p>\n<\/div>\n<div>\n<h2>Chi sono<\/h2>\n<div>\n<p>Sono Federico Costa, counselor professionista iscritto ad Assocounseling.<\/p>\n<p>Accompagno adulti, giovani e famiglie in percorsi di crescita personale, gestione dell\u2019ansia e attraversamento dei momenti di cambiamento. La mia esperienza si \u00e8 formata nel tempo sia nella pratica del counseling sia nel lavoro educativo con adolescenti e giovani adulti.<\/p>\n<p>Nel mio lavoro metto al centro la relazione, l\u2019ascolto autentico e il rispetto dei tempi di ciascuno. Non esistono soluzioni standard, ma processi che si costruiscono insieme, passo dopo passo.<\/p>\n<p>Il cambiamento non si impone, si accompagna.<\/p>\n<\/div>\n<p><a href=\"\/?page_id=63\">Scopri di pi\u00f9<\/a><\/p>\n<\/div>\n<p><img decoding=\"async\" src=\"\/wp-content\/uploads\/2026\/03\/CHI-SONO.jpg\" alt=\"\"><br \/>\n<img decoding=\"async\" src=\"\/wp-content\/uploads\/2026\/03\/firma-2.svg\" alt=\"\"><\/p>\n<p><!--more--><br \/>\n<!-- {\"type\":\"layout\",\"children\":[{\"type\":\"section\",\"props\":{\"header_transparent\":false,\"header_transparent_noplaceholder\":true,\"header_transparent_text_color\":\"light\",\"image_position\":\"center-center\",\"overlap\":false,\"padding_bottom\":\"none\",\"padding_top\":\"none\",\"preserve_color\":false,\"style\":\"\",\"title_breakpoint\":\"xl\",\"title_position\":\"top-left\",\"title_rotation\":\"left\",\"vertical_align\":\"\",\"width\":\"\"},\"children\":[{\"type\":\"row\",\"props\":{\"height\":\"viewport\",\"height_viewport_offset\":true},\"children\":[{\"type\":\"column\",\"props\":{\"image_position\":\"center-center\",\"image_size\":\"cover\",\"image_width\":\"2560\",\"media_overlay\":\"rgba(0, 0, 0, 0.27)\",\"padding\":\"none\",\"position_sticky\":\"section\",\"position_sticky_breakpoint\":\"\",\"video\":\"wp-content\/uploads\/2026\/03\/2480792-hd_1920_1080_24fps.mp4\"}}]},{\"type\":\"row\",\"props\":{\"css\":\".el-row {\\n    position: relative;\\n    z-index: 1;\\n    margin-top: -100vh;\\n}\",\"height\":\"viewport\"},\"children\":[{\"type\":\"column\",\"props\":{\"image_position\":\"center-center\",\"position_sticky_breakpoint\":\"m\",\"text_color\":\"light\",\"vertical_align\":\"middle\"},\"children\":[{\"type\":\"headline\",\"props\":{\"animation\":\"parallax\",\"content\":\"\n\n<p style=\\\"text-align: center;\\\">Federico<br \/>Costa<\/p>\n\n\",\"image_align\":\"left\",\"image_margin\":\"xsmall\",\"margin_top\":\"remove\",\"parallax_blur\":\"50\",\"parallax_opacity\":\"1,0,0\",\"parallax_scale\":\"0.5\",\"parallax_start\":\"55vh + 50%\",\"position\":\"relative\",\"position_z_index\":\"1\",\"text_align\":\"center\",\"text_align_breakpoint\":\"s\",\"text_align_fallback\":\"center\",\"title_element\":\"h1\",\"title_style\":\"heading-xlarge\"}},{\"type\":\"headline\",\"props\":{\"animation\":\"parallax\",\"content\":\"\n\n<h2 style=\\\"text-align: center;\\\"><span>Counselor a Torino<\/span><\/h2>\n\n\",\"image_align\":\"left\",\"image_margin\":\"xsmall\",\"parallax_blur\":\"50\",\"parallax_opacity\":\"1,0\",\"parallax_scale\":\"0.5\",\"parallax_start\":\"55vh + 50%\",\"text_align\":\"center\",\"title_element\":\"div\"}}]}]}],\"name\":\"Hero\"},{\"type\":\"section\",\"props\":{\"image_position\":\"center-center\",\"padding_bottom\":\"none\",\"padding_top\":\"large\",\"style\":\"muted\",\"title_breakpoint\":\"xl\",\"title_position\":\"top-left\",\"title_rotation\":\"left\",\"vertical_align\":\"\",\"width\":\"expand\"},\"children\":[{\"type\":\"row\",\"props\":{\"margin_bottom\":\"large\",\"margin_top\":\"small\"},\"children\":[{\"type\":\"column\",\"props\":{\"image_position\":\"center-center\",\"position_sticky_breakpoint\":\"m\"},\"children\":[{\"type\":\"panel\",\"props\":{\"animation\":\"none\",\"block_align\":\"center\",\"content\":\"\n\n<h3><em>Anche quando sembra che tutto si fermi o perda direzione, pu\u00f2 aprirsi uno spazio nuovo di comprensione e trasformazione.<\/em><\/h3>\n\n\",\"content_column_breakpoint\":\"m\",\"content_style\":\"text-large\",\"image_align\":\"top\",\"image_grid_breakpoint\":\"m\",\"image_grid_width\":\"1-2\",\"image_svg_color\":\"emphasis\",\"link_style\":\"default\",\"link_text\":\"Read more\",\"margin_bottom\":\"small\",\"margin_top\":\"medium\",\"maxwidth\":\"xlarge\",\"meta_align\":\"below-title\",\"meta_element\":\"div\",\"meta_style\":\"text-meta\",\"parallax_blur\":\"50\",\"parallax_breakpoint\":\"m\",\"parallax_end\":\"100vh\",\"parallax_opacity\":\"1,0\",\"parallax_start\":\"70vh\",\"parallax_target\":\"!.tm-grid-expand>*\",\"text_align\":\"center\",\"title\":\"Ogni momento di difficolt\u00e0 pu\u00f2 diventare un passaggio di crescita.\",\"title_align\":\"top\",\"title_decoration\":\"bullet\",\"title_element\":\"h2\",\"title_grid_breakpoint\":\"m\",\"title_grid_width\":\"1-2\",\"title_hover_style\":\"reset\",\"title_style\":\"h2\"}},{\"type\":\"button\",\"props\":{\"grid_column_gap\":\"small\",\"grid_row_gap\":\"small\",\"margin_bottom\":\"\",\"margin_top\":\"default\",\"text_align\":\"center\"},\"children\":[{\"type\":\"button_item\",\"props\":{\"button_style\":\"primary\",\"content\":\"Prenota un appuntamento\",\"dialog_layout\":\"modal\",\"dialog_offcanvas_flip\":true,\"icon_align\":\"left\",\"link\":\"mailto:federico@federicocostacounselor.it\",\"link_target\":true}}]}]}]},{\"type\":\"row\",\"props\":{\"css\":\"@media (min-width: 960px) {\\n    .el-row { height: 100vh; }\\n}\",\"margin_bottom\":\"small\",\"margin_top\":\"small\"},\"children\":[{\"type\":\"column\",\"props\":{\"image_position\":\"center-center\",\"position_sticky\":\"column\",\"position_sticky_breakpoint\":\"s\",\"position_sticky_offset\":\"50vh - 50%\"}}]},{\"type\":\"row\",\"props\":{\"column_gap\":\"collapse\",\"css\":\"@media (min-width: 960px) {\\n\\t.el-row {\\n        margin-top: -100vh;\\n        height: 100vh;\\n    }\\n}\",\"layout\":\"1-3,1-3,1-3\"},\"children\":[{\"type\":\"column\",\"props\":{\"image_position\":\"center-center\",\"position_sticky\":\"section\",\"position_sticky_breakpoint\":\"\",\"position_sticky_offset\":\"50vh - 50%\",\"width_small\":\"1-3\"},\"children\":[{\"type\":\"overlay\",\"props\":{\"animation\":\"none\",\"content\":\"\",\"image\":\"wp-content\/uploads\/2026\/03\/COUNSELING.jpg\",\"image_transition\":\"scale-up\",\"image_transition_border\":false,\"image_width\":\"840\",\"link\":\"?page_id=98\",\"link_margin\":\"small\",\"link_size\":\"large\",\"link_style\":\"text\",\"link_text\":\"Vai alla pagina\",\"margin_bottom\":\"default\",\"margin_top\":\"default\",\"media_overlay\":\"rgba(6, 6, 6, 0.37)\",\"meta\":\"\",\"meta_align\":\"below-title\",\"meta_element\":\"div\",\"meta_style\":\"text-meta\",\"overlay_hover\":false,\"overlay_link\":true,\"overlay_mode\":\"cover\",\"overlay_padding\":\"large\",\"overlay_position\":\"top\",\"overlay_style\":\"\",\"overlay_transition\":\"fade\",\"parallax_blur\":\"0 70%,100\",\"parallax_breakpoint\":\"s\",\"parallax_opacity\":\"1 70%,0\",\"parallax_start\":\"62vh\",\"parallax_target\":\"!.uk-section\",\"parallax_x\":\"100vw,0,0,-100vw\",\"parallax_y\":\"0 68%,-1200\",\"text_align\":\"center\",\"text_color\":\"light\",\"title\":\"Counseling individuale\",\"title_element\":\"div\",\"title_hover_style\":\"reset\",\"title_style\":\"heading-small\"}}]},{\"type\":\"column\",\"props\":{\"image_position\":\"center-center\",\"position_sticky\":\"section\",\"position_sticky_breakpoint\":\"\",\"position_sticky_offset\":\"50vh - 50%\",\"width_small\":\"1-3\"},\"children\":[{\"type\":\"overlay\",\"props\":{\"animation\":\"none\",\"content\":\"\",\"image\":\"wp-content\/uploads\/2026\/03\/AUTOGENO.jpg\",\"image_transition\":\"scale-up\",\"image_transition_border\":false,\"image_width\":\"840\",\"link\":\"?page_id=198\",\"link_margin\":\"small\",\"link_size\":\"large\",\"link_style\":\"text\",\"link_text\":\"Vai alla pagina\",\"margin_bottom\":\"default\",\"margin_top\":\"default\",\"media_overlay\":\"rgba(6, 6, 6, 0.37)\",\"meta\":\"\",\"meta_align\":\"below-title\",\"meta_element\":\"div\",\"meta_style\":\"text-meta\",\"overlay_hover\":false,\"overlay_link\":true,\"overlay_mode\":\"cover\",\"overlay_padding\":\"large\",\"overlay_position\":\"top\",\"overlay_style\":\"\",\"overlay_transition\":\"fade\",\"parallax_blur\":\"0 70%,100\",\"parallax_breakpoint\":\"s\",\"parallax_easing\":\"0.1\",\"parallax_opacity\":\"1 70%,0\",\"parallax_start\":\"68vh\",\"parallax_target\":\"!.uk-section\",\"parallax_x\":\"100vw,0,0,-100vw\",\"parallax_y\":\"0 68%,-1200\",\"text_align\":\"center\",\"text_color\":\"light\",\"title\":\"Training Autogeno\",\"title_element\":\"div\",\"title_hover_style\":\"reset\",\"title_style\":\"heading-small\"}}]},{\"type\":\"column\",\"props\":{\"image_position\":\"center-center\",\"position_sticky\":\"section\",\"position_sticky_breakpoint\":\"\",\"position_sticky_offset\":\"50vh - 50%\",\"width_small\":\"1-3\"},\"children\":[{\"type\":\"overlay\",\"props\":{\"animation\":\"none\",\"content\":\"\",\"image\":\"wp-content\/uploads\/2026\/03\/APPROFONDIMENTI.jpg\",\"image_transition\":\"scale-up\",\"image_transition_border\":false,\"image_width\":\"840\",\"link\":\"?page_id=256\",\"link_margin\":\"small\",\"link_size\":\"large\",\"link_style\":\"text\",\"link_text\":\"Vai agli approfondimenti\",\"margin_bottom\":\"default\",\"margin_top\":\"default\",\"media_overlay\":\"rgba(6, 6, 6, 0.37)\",\"meta\":\"\",\"meta_align\":\"below-title\",\"meta_element\":\"div\",\"meta_style\":\"text-meta\",\"overlay_hover\":false,\"overlay_link\":true,\"overlay_mode\":\"cover\",\"overlay_padding\":\"large\",\"overlay_position\":\"top\",\"overlay_style\":\"\",\"overlay_transition\":\"fade\",\"parallax_blur\":\"0 70%,100\",\"parallax_breakpoint\":\"s\",\"parallax_easing\":\"0.2\",\"parallax_opacity\":\"1 70%,0\",\"parallax_start\":\"68vh\",\"parallax_target\":\"!.uk-section\",\"parallax_x\":\"100vw,0,0,-100vw\",\"parallax_y\":\"0 68%,-1200\",\"text_align\":\"center\",\"text_color\":\"light\",\"title\":\"Articoli\",\"title_element\":\"div\",\"title_hover_style\":\"reset\",\"title_style\":\"heading-small\"}}]}]}],\"name\":\"Menu\"},{\"type\":\"section\",\"props\":{\"image_position\":\"center-center\",\"padding_bottom\":\"large\",\"padding_top\":\"large\",\"style\":\"primary\",\"title_breakpoint\":\"xl\",\"title_position\":\"top-left\",\"title_rotation\":\"left\",\"vertical_align\":\"\",\"width\":\"default\"},\"children\":[{\"type\":\"row\",\"children\":[{\"type\":\"column\",\"props\":{\"image_position\":\"center-center\",\"position_sticky_breakpoint\":\"m\",\"vertical_align\":\"middle\",\"width_small\":\"1-2\"},\"children\":[{\"type\":\"panel\",\"props\":{\"content\":\"\n\n<p>Sono Federico Costa, counselor professionista iscritto ad Assocounseling.<\/p>\n\n\\n\n\n<p>Accompagno adulti, giovani e famiglie in percorsi di crescita personale, gestione dell\u2019ansia e attraversamento dei momenti di cambiamento. La mia esperienza si \u00e8 formata nel tempo sia nella pratica del counseling sia nel lavoro educativo con adolescenti e giovani adulti.<\/p>\n\n\\n\n\n<p>Nel mio lavoro metto al centro la relazione, l\u2019ascolto autentico e il rispetto dei tempi di ciascuno. Non esistono soluzioni standard, ma processi che si costruiscono insieme, passo dopo passo.<\/p>\n\n\\n\n\n<p>Il cambiamento non si impone, si accompagna.<\/p>\n\n\",\"content_column_breakpoint\":\"m\",\"content_margin\":\"medium\",\"content_style\":\"text-large\",\"image\":\"\",\"image_align\":\"right\",\"image_grid_breakpoint\":\"m\",\"image_grid_column_gap\":\"large\",\"image_grid_width\":\"1-2\",\"image_margin\":\"medium\",\"image_svg_animate\":false,\"image_svg_color\":\"primary\",\"image_svg_inline\":true,\"image_vertical_align\":true,\"link\":\"?page_id=63\",\"link_margin\":\"large\",\"link_style\":\"secondary\",\"link_text\":\"Scopri di pi\u00f9\",\"margin_bottom\":\"default\",\"margin_top\":\"default\",\"maxwidth\":\"large\",\"meta_align\":\"below-title\",\"meta_element\":\"div\",\"meta_style\":\"text-meta\",\"position\":\"relative\",\"position_z_index\":\"1\",\"title\":\"Chi sono\",\"title_align\":\"top\",\"title_element\":\"h2\",\"title_grid_breakpoint\":\"m\",\"title_grid_width\":\"1-2\",\"title_hover_style\":\"reset\",\"title_style\":\"heading-large\"}}]},{\"type\":\"column\",\"props\":{\"image_position\":\"center-center\",\"position_sticky_breakpoint\":\"m\",\"width_small\":\"1-2\"},\"children\":[{\"type\":\"image\",\"props\":{\"animation\":\"parallax\",\"image\":\"wp-content\/uploads\/2026\/03\/CHI-SONO.jpg\",\"image_svg_color\":\"emphasis\",\"image_width\":\"580\",\"margin_bottom\":\"default\",\"margin_top\":\"default\",\"parallax_blur\":\"0 70%,100\",\"parallax_breakpoint\":\"s\",\"parallax_opacity\":\"1 70%,0\",\"parallax_start\":\"50vh\",\"parallax_y\":\"100,-100\"}}]}],\"props\":{\"layout\":\"1-2,1-2\"}},{\"type\":\"row\",\"children\":[{\"type\":\"column\",\"props\":{\"image_position\":\"center-center\",\"position_sticky_breakpoint\":\"m\"},\"children\":[{\"type\":\"image\",\"props\":{\"animation\":\"parallax\",\"css\":\".el-image { max-width: 70vw; }\",\"image\":\"wp-content\/uploads\/2026\/03\/firma-2.svg\",\"image_svg_animate\":true,\"image_svg_color\":\"primary\",\"image_svg_inline\":false,\"image_width\":400,\"margin_bottom\":\"default\",\"margin_top\":\"default\",\"parallax_blur\":\"0 70%,100\",\"parallax_breakpoint\":\"s\",\"parallax_opacity\":\"1 70%,0\",\"position\":\"absolute\",\"position_bottom\":\"-6vh\",\"position_right\":\"-30\",\"text_align\":\"center\"}}]}]}],\"name\":\"About\"}],\"version\":\"5.0.25\"} --><\/p>\n","protected":false},"excerpt":{"rendered":"<p>FedericoCosta Counselor a Torino Ogni momento di difficolt\u00e0 pu\u00f2 diventare un passaggio di crescita. Anche quando sembra che tutto si fermi o perda direzione, pu\u00f2 aprirsi uno spazio nuovo di comprensione e trasformazione. Prenota un appuntamento Counseling individuale Vai alla pagina Training Autogeno Vai alla pagina Articoli Vai agli approfondimenti Chi sono Sono Federico Costa, [&hellip;]<\/p>\n","protected":false},"author":1,"featured_media":0,"parent":0,"menu_order":0,"comment_status":"closed","ping_status":"closed","template":"","meta":{"footnotes":""},"class_list":["post-11","page","type-page","status-publish","hentry"],"_links":{"self":[{"href":"https:\/\/federicocostacounselor.it\/index.php?rest_route=\/wp\/v2\/pages\/11","targetHints":{"allow":["GET"]}}],"collection":[{"href":"https:\/\/federicocostacounselor.it\/index.php?rest_route=\/wp\/v2\/pages"}],"about":[{"href":"https:\/\/federicocostacounselor.it\/index.php?rest_route=\/wp\/v2\/types\/page"}],"author":[{"embeddable":true,"href":"https:\/\/federicocostacounselor.it\/index.php?rest_route=\/wp\/v2\/users\/1"}],"replies":[{"embeddable":true,"href":"https:\/\/federicocostacounselor.it\/index.php?rest_route=%2Fwp%2Fv2%2Fcomments&post=11"}],"version-history":[{"count":53,"href":"https:\/\/federicocostacounselor.it\/index.php?rest_route=\/wp\/v2\/pages\/11\/revisions"}],"predecessor-version":[{"id":296,"href":"https:\/\/federicocostacounselor.it\/index.php?rest_route=\/wp\/v2\/pages\/11\/revisions\/296"}],"wp:attachment":[{"href":"https:\/\/federicocostacounselor.it\/index.php?rest_route=%2Fwp%2Fv2%2Fmedia&parent=11"}],"curies":[{"name":"wp","href":"https:\/\/api.w.org\/{rel}","templated":true}]}}