{"id":98,"date":"2026-03-27T09:39:43","date_gmt":"2026-03-27T09:39:43","guid":{"rendered":"https:\/\/federicocostacounselor.it\/?page_id=98"},"modified":"2026-03-31T15:13:48","modified_gmt":"2026-03-31T15:13:48","slug":"counseling-2","status":"publish","type":"page","link":"https:\/\/federicocostacounselor.it\/?page_id=98","title":{"rendered":"COUNSELING"},"content":{"rendered":"<h1>\n<p style=\"text-align: center;\">Counseling<br \/>a Torino<\/p>\n<\/h1>\n<h1>\n<p style=\"text-align: center;\">Il counseling \u00e8 uno spazio professionale in cui lavoriamo insieme per affrontare momenti di difficolt\u00e0, cambiamento o disorientamento. Uno spazio in cui puoi rallentare e comprendere meglio ci\u00f2 che ti sta accadendo.<\/p>\n<p style=\"text-align: center;\">\u00c8 un percorso orientato al presente, alla consapevolezza e allo sviluppo delle risorse personali. Non si tratta di analizzare il passato, ma di costruire possibilit\u00e0 nel presente.<\/p>\n<\/h1>\n<hr>\n<h2>\n<p>Quando <br \/>pu\u00f2 essere utile<\/p>\n<\/h2>\n<div>\n<p style=\"text-align: center;\">Un percorso di counseling \u00e8 indicato quando si attraversano periodi di ansia e stress prolungato. Pu\u00f2 essere utile, per esempio, quando:<\/p>\n<\/div>\n<ul>\n<li>\n<p>        <img decoding=\"async\" src=\"\/wp-content\/uploads\/2026\/03\/idea-bulb_11422089.svg\" alt=\"\"><\/p>\n<p>Senti il bisogno di fare chiarezza in un momento di cambiamento<\/p>\n<\/li>\n<li>\n<p>        <img decoding=\"async\" src=\"\/wp-content\/uploads\/2026\/03\/15789612.svg\" alt=\"\"><\/p>\n<p>Ti trovi davanti a una scelta e fatichi a trovare una direzione<\/p>\n<\/li>\n<li>\n<p>        <img decoding=\"async\" src=\"\/wp-content\/uploads\/2026\/03\/thinking_2435914.svg\" alt=\"\"><\/p>\n<p>Desideri comprendere meglio ci\u00f2 che stai vivendo<\/p>\n<\/li>\n<li>\n<p>        <img decoding=\"async\" src=\"\/wp-content\/uploads\/2026\/03\/turnover_17388057.svg\" alt=\"\"><\/p>\n<p>Vuoi migliorare il modo in cui stai nelle relazioni<\/p>\n<\/li>\n<li>\n<p>        <img decoding=\"async\" src=\"\/wp-content\/uploads\/2026\/03\/hot-tea_7631139.svg\" alt=\"\"><\/p>\n<p>Senti il bisogno di ritagliarti uno spazio per te<\/p>\n<\/li>\n<li>\n<p>        <img decoding=\"async\" src=\"\/wp-content\/uploads\/2026\/03\/balance_6516463.svg\" alt=\"\"><\/p>\n<p>Desideri ritrovare maggiore equilibrio nella quotidianit\u00e0<\/p>\n<\/li>\n<li>\n<p>        <img decoding=\"async\" src=\"\/wp-content\/uploads\/2026\/03\/approved_12502318.svg\" alt=\"\"><\/p>\n<p>Vuoi ripartire con maggiore consapevolezza<\/p>\n<\/li>\n<li>\n<p>        <img decoding=\"async\" src=\"\/wp-content\/uploads\/2026\/03\/broken_15524373.svg\" alt=\"\"><\/p>\n<p>Devi affrontare una perdita<\/p>\n<\/li>\n<\/ul>\n<h2>\n<p>Come si svolge<\/p>\n<\/h2>\n<div>\n<p>Gli incontri hanno cadenza generalmente settimanale e durata di circa 60 minuti. Il numero degli incontri viene definito insieme, in base agli obiettivi e alla situazione specifica. L\u2019obiettivo \u00e8 che tu possa procedere con maggiore autonomia e strumenti concreti nella vita quotidiana.<\/p>\n<p>Prenota il primo colloquio gratuito<\/p>\n<\/div>\n<p><p>\n        <a href=\"mailto:federico@federicocostacounselor.it\">Prenota<\/a>\n    <\/p>\n<\/p>\n<h2>\n<p>Tipologie di counseling<\/p>\n<\/h2>\n<hr>\n<ul>\n<li>\n<h3>Counseling individuale<\/h3>\n<p>01<\/p>\n<div>\n<p>Un supporto rivolto a singoli che affrontano difficolt\u00e0 personali e vogliono migliorare il proprio benessere psicologo.<\/p>\n<\/div>\n<\/li>\n<li>\n<h3>Counseling di coppia<\/h3>\n<p>02<\/p>\n<div>\n<p>Aiuta le coppie a ristabilire equilibrio e comunicazione, affrontando conflitti che mettono alla prova la relazione.<\/p>\n<\/div>\n<\/li>\n<li>\n<h3>Counseling familiare<\/h3>\n<p>03<\/p>\n<div>\n<p>Supporta le famiglie che vivono dinamiche disfunzionali, aiutando a riconoscere le problematiche relazionali e a sviluppare strategie per migliorare il benessere dell\u2019intero nucleo familiare.<\/p>\n<\/div>\n<\/li>\n<\/ul>\n<hr>\n<ul>\n<li>\n<h3>Counseling di gruppo<\/h3>\n<p>04<\/p>\n<div>\n<p>Coinvolge pi\u00f9 persone che condividono esperienze o obiettivi simili e il counselor facilita il confronto e il sostegno reciproco.<\/p>\n<\/div>\n<\/li>\n<li>\n<h3>Counseling scolastico<\/h3>\n<p>05<\/p>\n<div>\n<p>\u00c8 rivolto a studenti, docenti e genitori, per migliorare la comunicazione e gestire le difficolt\u00e0 emotive e relazionali nel contesto scolastico, favorendo un ambiente di crescita e benessere<\/p>\n<\/div>\n<\/li>\n<\/ul>\n<p><!--more--><br \/>\n<!-- {\"type\":\"layout\",\"children\":[{\"type\":\"section\",\"props\":{\"header_transparent\":false,\"header_transparent_noplaceholder\":true,\"header_transparent_text_color\":\"light\",\"image_position\":\"center-center\",\"overlap\":false,\"padding_bottom\":\"none\",\"padding_top\":\"none\",\"preserve_color\":false,\"style\":\"\",\"title_breakpoint\":\"xl\",\"title_position\":\"top-left\",\"title_rotation\":\"left\",\"vertical_align\":\"\",\"width\":\"\"},\"children\":[{\"type\":\"row\",\"props\":{\"height\":\"viewport\",\"height_viewport_offset\":true},\"children\":[{\"type\":\"column\",\"props\":{\"image_height\":0,\"image_position\":\"center-center\",\"image_size\":\"cover\",\"image_width\":\"2560\",\"media_overlay\":\"rgba(0, 0, 0, 0.21)\",\"padding\":\"none\",\"position_sticky\":\"section\",\"position_sticky_breakpoint\":\"\",\"video\":\"wp-content\/uploads\/2026\/03\/9305918-uhd_3840_2160_25fps.mp4\"}}]},{\"type\":\"row\",\"props\":{\"css\":\".el-row {\\n    position: relative;\\n    z-index: 1;\\n    margin-top: -100vh;\\n}\",\"height\":\"viewport\",\"height_viewport_offset\":false},\"children\":[{\"type\":\"column\",\"props\":{\"image_position\":\"center-center\",\"position_sticky_breakpoint\":\"m\",\"text_color\":\"light\",\"vertical_align\":\"middle\"},\"children\":[{\"type\":\"headline\",\"props\":{\"animation\":\"parallax\",\"content\":\"\n\n<p style=\\\"text-align: center;\\\">Counseling<br \/>a Torino<\/p>\n\n\",\"image_align\":\"left\",\"image_margin\":\"xsmall\",\"margin_top\":\"remove\",\"parallax_blur\":\"50\",\"parallax_opacity\":\"1,0,0\",\"parallax_scale\":\"0.5\",\"parallax_start\":\"55vh + 50%\",\"position\":\"relative\",\"position_z_index\":\"1\",\"text_align\":\"center\",\"text_align_breakpoint\":\"s\",\"text_align_fallback\":\"center\",\"title_element\":\"h1\",\"title_style\":\"heading-xlarge\"}}]}]}],\"name\":\"INTESTAZIONE VIDEO\"},{\"type\":\"section\",\"props\":{\"image_position\":\"center-center\",\"style\":\"primary\",\"title_breakpoint\":\"xl\",\"title_position\":\"top-left\",\"title_rotation\":\"left\",\"vertical_align\":\"middle\",\"width\":\"default\"},\"children\":[{\"type\":\"row\",\"props\":{\"height\":\"pixels\",\"height_viewport_offset\":false,\"margin_bottom\":\"default\",\"width\":\"small\"},\"children\":[{\"type\":\"column\",\"props\":{\"image_position\":\"center-center\",\"position_sticky_breakpoint\":\"m\"},\"children\":[{\"type\":\"headline\",\"props\":{\"content\":\"\n\n<p style=\\\"text-align: center;\\\">Il counseling \u00e8 uno spazio professionale in cui lavoriamo insieme per affrontare momenti di difficolt\u00e0, cambiamento o disorientamento. Uno spazio in cui puoi rallentare e comprendere meglio ci\u00f2 che ti sta accadendo.<\/p>\n\n\\n\n\n<p style=\\\"text-align: center;\\\">\u00c8 un percorso orientato al presente, alla consapevolezza e allo sviluppo delle risorse personali. Non si tratta di analizzare il passato, ma di costruire possibilit\u00e0 nel presente.<\/p>\n\n\",\"image_align\":\"left\",\"image_margin\":\"xsmall\",\"title_element\":\"h1\",\"title_style\":\"h4\"}}]}]}]},{\"type\":\"section\",\"props\":{\"animation\":\"slide-left-small\",\"header_transparent\":true,\"header_transparent_text_color\":\"light\",\"image_position\":\"top-center\",\"image_size\":\"contain\",\"media_visibility\":\"l\",\"padding_bottom\":\"large\",\"padding_top\":\"xsmall\",\"style\":\"primary\",\"title_breakpoint\":\"xl\",\"title_position\":\"top-left\",\"title_rotation\":\"left\",\"vertical_align\":\"\",\"width\":\"default\"},\"children\":[{\"type\":\"row\",\"children\":[{\"type\":\"column\",\"props\":{\"image_position\":\"center-center\",\"position_sticky_breakpoint\":\"m\"},\"children\":[{\"type\":\"divider\",\"props\":{\"animation\":\"none\",\"divider_element\":\"hr\"}},{\"type\":\"headline\",\"props\":{\"animation\":\"none\",\"content\":\"\n\n<p>Quando <br \/>pu\u00f2 essere utile<\/p>\n\n\",\"image_align\":\"left\",\"image_margin\":\"xsmall\",\"text_align\":\"center\",\"title_element\":\"h2\",\"title_style\":\"heading-medium\"}}]}]},{\"type\":\"row\",\"props\":{\"alignment\":\"center\",\"column_gap\":\"large\",\"row_gap\":\"medium\",\"width\":\"large\"},\"children\":[{\"type\":\"column\",\"props\":{\"image_position\":\"center-center\",\"position_sticky_breakpoint\":\"m\"},\"children\":[{\"type\":\"text\",\"props\":{\"animation\":\"none\",\"block_align\":\"center\",\"column_breakpoint\":\"m\",\"content\":\"\n\n<p style=\\\"text-align: center;\\\">Un percorso di counseling \u00e8 indicato quando si attraversano periodi di ansia e stress prolungato. Pu\u00f2 essere utile, per esempio, quando:<\/p>\n\n\",\"margin_bottom\":\"default\",\"margin_top\":\"default\",\"maxwidth\":\"xlarge\",\"text_align\":\"center\",\"text_color\":\"emphasis\",\"text_style\":\"lead\"}}]}]},{\"type\":\"row\",\"children\":[{\"type\":\"column\",\"props\":{\"image_position\":\"center-center\",\"position_sticky_breakpoint\":\"m\"},\"children\":[{\"type\":\"grid\",\"props\":{\"animation\":\"scale-up\",\"block_align\":\"center\",\"content_column_breakpoint\":\"m\",\"filter_align\":\"left\",\"filter_all\":true,\"filter_grid_breakpoint\":\"m\",\"filter_grid_width\":\"auto\",\"filter_position\":\"top\",\"filter_style\":\"tab\",\"grid_column_align\":true,\"grid_column_gap\":\"large\",\"grid_default\":\"1\",\"grid_divider\":true,\"grid_large\":\"4\",\"grid_medium\":\"3\",\"grid_row_gap\":\"large\",\"grid_small\":\"2\",\"image_align\":\"top\",\"image_grid_breakpoint\":\"m\",\"image_grid_width\":\"1-2\",\"image_svg_animate\":false,\"image_svg_color\":\"emphasis\",\"image_svg_inline\":true,\"image_width\":100,\"item_animation\":true,\"item_maxwidth\":\"medium\",\"lightbox_bg_close\":true,\"link_style\":\"default\",\"link_text\":\"Read more\",\"margin_bottom\":\"large\",\"margin_top\":\"large\",\"meta_align\":\"below-title\",\"meta_color\":\"emphasis\",\"meta_element\":\"div\",\"meta_style\":\"text-small\",\"parallax_easing\":\"1\",\"show_content\":true,\"show_hover_image\":true,\"show_hover_video\":true,\"show_image\":true,\"show_link\":true,\"show_meta\":true,\"show_title\":true,\"show_video\":true,\"text_align\":\"center\",\"title_align\":\"top\",\"title_element\":\"h3\",\"title_grid_breakpoint\":\"m\",\"title_grid_width\":\"1-2\",\"title_hover_style\":\"reset\",\"title_style\":\"h5\"},\"children\":[{\"type\":\"grid_item\",\"props\":{\"content\":\"\",\"image\":\"wp-content\/uploads\/2026\/03\/idea-bulb_11422089.svg\",\"meta\":\"Senti il bisogno di fare chiarezza in un momento di cambiamento\",\"title\":\"\"}},{\"type\":\"grid_item\",\"props\":{\"content\":\"\",\"image\":\"wp-content\/uploads\/2026\/03\/15789612.svg\",\"meta\":\"Ti trovi davanti a una scelta e fatichi a trovare una direzione\",\"title\":\"\"}},{\"type\":\"grid_item\",\"props\":{\"content\":\"\",\"image\":\"wp-content\/uploads\/2026\/03\/thinking_2435914.svg\",\"meta\":\"Desideri comprendere meglio ci\u00f2 che stai vivendo\",\"title\":\"\"}},{\"type\":\"grid_item\",\"props\":{\"content\":\"\",\"image\":\"wp-content\/uploads\/2026\/03\/turnover_17388057.svg\",\"meta\":\"Vuoi migliorare il modo in cui stai nelle relazioni\",\"title\":\"\"}},{\"type\":\"grid_item\",\"props\":{\"content\":\"\",\"image\":\"wp-content\/uploads\/2026\/03\/hot-tea_7631139.svg\",\"meta\":\"Senti il bisogno di ritagliarti uno spazio per te\",\"title\":\"\"}},{\"type\":\"grid_item\",\"props\":{\"content\":\"\",\"image\":\"wp-content\/uploads\/2026\/03\/balance_6516463.svg\",\"meta\":\"Desideri ritrovare maggiore equilibrio nella quotidianit\u00e0\",\"title\":\"\"}},{\"type\":\"grid_item\",\"props\":{\"content\":\"\",\"image\":\"wp-content\/uploads\/2026\/03\/approved_12502318.svg\",\"meta\":\"Vuoi ripartire con maggiore consapevolezza\",\"title\":\"\"}},{\"type\":\"grid_item\",\"props\":{\"content\":\"\",\"image\":\"wp-content\/uploads\/2026\/03\/broken_15524373.svg\",\"meta\":\"Devi affrontare una perdita\",\"title\":\"\"}}]}]}],\"props\":{\"alignment\":\"center\"}}],\"name\":\"About\"},{\"type\":\"section\",\"props\":{\"image_position\":\"center-center\",\"style\":\"default\",\"title_breakpoint\":\"xl\",\"title_position\":\"top-left\",\"title_rotation\":\"left\",\"vertical_align\":\"middle\",\"width\":\"default\"},\"children\":[{\"type\":\"row\",\"children\":[{\"type\":\"column\",\"props\":{\"image_position\":\"center-center\",\"position_sticky_breakpoint\":\"m\"},\"children\":[{\"type\":\"headline\",\"props\":{\"animation\":\"none\",\"content\":\"\n\n<p>Come si svolge<\/p>\n\n\",\"image_align\":\"left\",\"image_margin\":\"xsmall\",\"text_align\":\"center\",\"title_color\":\"background\",\"title_element\":\"h2\",\"title_style\":\"heading-medium\"}},{\"type\":\"text\",\"props\":{\"animation\":\"none\",\"column_breakpoint\":\"m\",\"content\":\"\n\n<p>Gli incontri hanno cadenza generalmente settimanale e durata di circa 60 minuti. Il numero degli incontri viene definito insieme, in base agli obiettivi e alla situazione specifica. L\u2019obiettivo \u00e8 che tu possa procedere con maggiore autonomia e strumenti concreti nella vita quotidiana.<\/p>\n\n\\n\n\n<p>Prenota il primo colloquio gratuito<\/p>\n\n\",\"margin_bottom\":\"default\",\"margin_top\":\"default\",\"text_align\":\"center\",\"text_style\":\"lead\"}},{\"type\":\"button\",\"props\":{\"fullwidth\":false,\"grid_column_gap\":\"small\",\"grid_row_gap\":\"small\",\"margin_bottom\":\"default\",\"margin_top\":\"default\",\"text_align\":\"center\"},\"children\":[{\"type\":\"button_item\",\"props\":{\"button_style\":\"primary\",\"content\":\"Prenota\",\"dialog_layout\":\"modal\",\"dialog_offcanvas_flip\":true,\"icon_align\":\"left\",\"link\":\"mailto:federico@federicocostacounselor.it\"}}]}]}]}]},{\"type\":\"section\",\"props\":{\"image_position\":\"center-center\",\"style\":\"muted\",\"title_breakpoint\":\"xl\",\"title_position\":\"top-left\",\"title_rotation\":\"left\",\"vertical_align\":\"\",\"width\":\"default\"},\"children\":[{\"type\":\"row\",\"children\":[{\"type\":\"column\",\"props\":{\"image_position\":\"center-center\",\"position_sticky_breakpoint\":\"m\",\"width_medium\":\"1-1\"},\"children\":[{\"type\":\"headline\",\"props\":{\"animation\":\"none\",\"content\":\"\n\n<p>Tipologie di counseling<\/p>\n\n\",\"image_align\":\"left\",\"image_margin\":\"xsmall\",\"text_align\":\"center\",\"title_color\":\"primary\",\"title_element\":\"h2\",\"title_style\":\"heading-medium\"}},{\"type\":\"divider\",\"props\":{\"divider_element\":\"hr\",\"margin_bottom\":\"large\",\"margin_top\":\"large\"}},{\"type\":\"grid\",\"props\":{\"content_column_breakpoint\":\"m\",\"content_style\":\"text-small\",\"filter_align\":\"left\",\"filter_all\":true,\"filter_grid_breakpoint\":\"m\",\"filter_grid_width\":\"auto\",\"filter_position\":\"top\",\"filter_style\":\"tab\",\"grid_column_gap\":\"large\",\"grid_default\":\"1\",\"grid_divider\":true,\"grid_medium\":\"\",\"grid_row_gap\":\"large\",\"grid_small\":\"3\",\"image_align\":\"top\",\"image_grid_breakpoint\":\"m\",\"image_grid_width\":\"1-2\",\"image_svg_color\":\"emphasis\",\"item_animation\":true,\"lightbox_bg_close\":true,\"link_style\":\"default\",\"link_text\":\"Read more\",\"margin_bottom\":\"default\",\"margin_top\":\"default\",\"meta_align\":\"above-title\",\"meta_color\":\"primary\",\"meta_element\":\"div\",\"meta_style\":\"heading-small\",\"parallax_easing\":\"1\",\"show_content\":true,\"show_hover_image\":true,\"show_hover_video\":true,\"show_image\":true,\"show_link\":true,\"show_meta\":true,\"show_title\":true,\"show_video\":true,\"text_align\":\"center\",\"title_align\":\"top\",\"title_element\":\"h3\",\"title_grid_breakpoint\":\"m\",\"title_grid_width\":\"1-2\",\"title_hover_style\":\"reset\",\"title_style\":\"h4\"},\"children\":[{\"type\":\"grid_item\",\"props\":{\"content\":\"\n\n<p>Un supporto rivolto a singoli che affrontano difficolt\u00e0 personali e vogliono migliorare il proprio benessere psicologo.<\/p>\n\n\",\"meta\":\"01\",\"title\":\"Counseling individuale\"}},{\"type\":\"grid_item\",\"props\":{\"content\":\"\n\n<p>Aiuta le coppie a ristabilire equilibrio e comunicazione, affrontando conflitti che mettono alla prova la relazione.<\/p>\n\n\",\"meta\":\"02\",\"title\":\"Counseling di coppia\"}},{\"type\":\"grid_item\",\"props\":{\"content\":\"\n\n<p>Supporta le famiglie che vivono dinamiche disfunzionali, aiutando a riconoscere le problematiche relazionali e a sviluppare strategie per migliorare il benessere dell\u2019intero nucleo familiare.<\/p>\n\n\",\"meta\":\"03\",\"title\":\"Counseling familiare\"}}]},{\"type\":\"divider\",\"props\":{\"divider_element\":\"hr\",\"margin_bottom\":\"large\",\"margin_top\":\"large\"}},{\"type\":\"grid\",\"props\":{\"content_column_breakpoint\":\"m\",\"filter_align\":\"left\",\"filter_all\":true,\"filter_grid_breakpoint\":\"m\",\"filter_grid_width\":\"auto\",\"filter_position\":\"top\",\"filter_style\":\"tab\",\"grid_column_align\":true,\"grid_column_gap\":\"large\",\"grid_default\":\"1\",\"grid_divider\":true,\"grid_medium\":\"\",\"grid_row_gap\":\"large\",\"grid_small\":\"3\",\"image_align\":\"top\",\"image_grid_breakpoint\":\"m\",\"image_grid_width\":\"1-2\",\"image_svg_color\":\"emphasis\",\"item_animation\":true,\"lightbox_bg_close\":true,\"link_style\":\"default\",\"link_text\":\"Read more\",\"margin_bottom\":\"default\",\"margin_top\":\"default\",\"meta_align\":\"above-title\",\"meta_color\":\"primary\",\"meta_element\":\"div\",\"meta_style\":\"heading-small\",\"parallax_easing\":\"1\",\"show_content\":true,\"show_hover_image\":true,\"show_hover_video\":true,\"show_image\":true,\"show_link\":true,\"show_meta\":true,\"show_title\":true,\"show_video\":true,\"text_align\":\"center\",\"title_align\":\"top\",\"title_element\":\"h3\",\"title_grid_breakpoint\":\"m\",\"title_grid_width\":\"1-2\",\"title_hover_style\":\"reset\",\"title_style\":\"h4\"},\"children\":[{\"type\":\"grid_item\",\"props\":{\"content\":\"\n\n<p>Coinvolge pi\u00f9 persone che condividono esperienze o obiettivi simili e il counselor facilita il confronto e il sostegno reciproco.<\/p>\n\n\",\"meta\":\"04\",\"title\":\"Counseling di gruppo\"}},{\"type\":\"grid_item\",\"props\":{\"content\":\"\n\n<p>\u00c8 rivolto a studenti, docenti e genitori, per migliorare la comunicazione e gestire le difficolt\u00e0 emotive e relazionali nel contesto scolastico, favorendo un ambiente di crescita e benessere<\/p>\n\n\",\"meta\":\"05\",\"title\":\"Counseling scolastico\"}}]}]}]}],\"name\":\"Benefits\"}],\"version\":\"5.0.25\"} --><\/p>\n","protected":false},"excerpt":{"rendered":"<p>Counselinga Torino Il counseling \u00e8 uno spazio professionale in cui lavoriamo insieme per affrontare momenti di difficolt\u00e0, cambiamento o disorientamento. Uno spazio in cui puoi rallentare e comprendere meglio ci\u00f2 che ti sta accadendo. \u00c8 un percorso orientato al presente, alla consapevolezza e allo sviluppo delle risorse personali. Non si tratta di analizzare il passato, [&hellip;]<\/p>\n","protected":false},"author":1,"featured_media":0,"parent":0,"menu_order":0,"comment_status":"closed","ping_status":"closed","template":"","meta":{"footnotes":""},"class_list":["post-98","page","type-page","status-publish","hentry"],"_links":{"self":[{"href":"https:\/\/federicocostacounselor.it\/index.php?rest_route=\/wp\/v2\/pages\/98","targetHints":{"allow":["GET"]}}],"collection":[{"href":"https:\/\/federicocostacounselor.it\/index.php?rest_route=\/wp\/v2\/pages"}],"about":[{"href":"https:\/\/federicocostacounselor.it\/index.php?rest_route=\/wp\/v2\/types\/page"}],"author":[{"embeddable":true,"href":"https:\/\/federicocostacounselor.it\/index.php?rest_route=\/wp\/v2\/users\/1"}],"replies":[{"embeddable":true,"href":"https:\/\/federicocostacounselor.it\/index.php?rest_route=%2Fwp%2Fv2%2Fcomments&post=98"}],"version-history":[{"count":49,"href":"https:\/\/federicocostacounselor.it\/index.php?rest_route=\/wp\/v2\/pages\/98\/revisions"}],"predecessor-version":[{"id":295,"href":"https:\/\/federicocostacounselor.it\/index.php?rest_route=\/wp\/v2\/pages\/98\/revisions\/295"}],"wp:attachment":[{"href":"https:\/\/federicocostacounselor.it\/index.php?rest_route=%2Fwp%2Fv2%2Fmedia&parent=98"}],"curies":[{"name":"wp","href":"https:\/\/api.w.org\/{rel}","templated":true}]}}